{"id":94,"date":"2024-02-06T15:02:08","date_gmt":"2024-02-06T14:02:08","guid":{"rendered":"https:\/\/zuraidarrak.fr\/?page_id=94"},"modified":"2024-02-07T18:48:26","modified_gmt":"2024-02-07T17:48:26","slug":"le-club","status":"publish","type":"page","link":"https:\/\/zuraidarrak.fr\/index.php\/le-club\/","title":{"rendered":"Le club"},"content":{"rendered":"\n<div class=\"wp-block-group alignfull has-base-2-color has-contrast-background-color has-text-color has-background has-link-color wp-elements-b4b1ec517f7b78c2834dbbeecd051a26 has-global-padding is-layout-constrained wp-container-core-group-is-layout-d89aad35 wp-block-group-is-layout-constrained\" style=\"margin-top:0;margin-bottom:0;padding-top:var(--wp--preset--spacing--50);padding-right:var(--wp--preset--spacing--50);padding-bottom:var(--wp--preset--spacing--50);padding-left:var(--wp--preset--spacing--50)\">\n<div class=\"wp-block-columns alignwide has-base-2-color has-text-color has-link-color has-x-large-font-size wp-elements-e185851f23922dbe702dad999e970616 is-layout-flex wp-container-core-columns-is-layout-640fb6f6 wp-block-columns-is-layout-flex\" style=\"margin-top:0;margin-bottom:var(--wp--preset--spacing--40);line-height:1\">\n<div class=\"wp-block-column is-vertically-aligned-stretch is-layout-flow wp-block-column-is-layout-flow\" style=\"flex-basis:50%\">\n<div class=\"wp-block-group is-vertical is-content-justification-stretch is-layout-flex wp-container-core-group-is-layout-444d5ee8 wp-block-group-is-layout-flex\" style=\"min-height:100%\">\n<p class=\"has-heading-font-family has-x-large-font-size\" style=\"line-height:1.2\">Nous r\u00e9alisons des spectacles dans diff\u00e9rentes villes notamment \u00e0 St Jean De Luz, \u00e0 Sare etc&#8230;<\/p>\n\n\n\n<div class=\"wp-block-group has-global-padding is-content-justification-left is-layout-constrained wp-container-core-group-is-layout-9fe8ed88 wp-block-group-is-layout-constrained\">\n<div class=\"wp-block-group has-global-padding is-layout-constrained wp-block-group-is-layout-constrained\">\n<div class=\"wp-block-columns is-layout-flex wp-container-core-columns-is-layout-28f84493 wp-block-columns-is-layout-flex\">\n<div class=\"wp-block-column is-layout-flow wp-block-column-is-layout-flow\"><\/div>\n<\/div>\n<\/div>\n\n\n\n<font size=\"4pt\">\n<p> Faire d\u00e9couvrir notre discipline \u00e0 des personnes ne la connaissant pas sp\u00e9cialement.\n\n<\/font>\n<\/div>\n<\/div>\n<\/div>\n\n\n\n<div class=\"wp-block-column is-vertically-aligned-center is-layout-flow wp-block-column-is-layout-flow\" style=\"flex-basis:50%\">\n<figure class=\"wp-block-image aligncenter size-full is-resized is-style-rounded is-style-rounded--1\"><img loading=\"lazy\" decoding=\"async\" width=\"2560\" height=\"2553\" src=\"https:\/\/zuraidarrak.fr\/wp-content\/uploads\/2024\/02\/IMG_0172-1-scaled.jpeg\" alt=\"\" class=\"wp-image-127\" style=\"aspect-ratio:0.75;object-fit:cover;width:308px;height:auto\" srcset=\"https:\/\/zuraidarrak.fr\/wp-content\/uploads\/2024\/02\/IMG_0172-1-scaled.jpeg 2560w, https:\/\/zuraidarrak.fr\/wp-content\/uploads\/2024\/02\/IMG_0172-1-1536x1532.jpeg 1536w, https:\/\/zuraidarrak.fr\/wp-content\/uploads\/2024\/02\/IMG_0172-1-2048x2043.jpeg 2048w, https:\/\/zuraidarrak.fr\/wp-content\/uploads\/2024\/02\/IMG_0172-1-150x150.jpeg 150w, https:\/\/zuraidarrak.fr\/wp-content\/uploads\/2024\/02\/IMG_0172-1-300x300.jpeg 300w, https:\/\/zuraidarrak.fr\/wp-content\/uploads\/2024\/02\/IMG_0172-1-768x766.jpeg 768w, https:\/\/zuraidarrak.fr\/wp-content\/uploads\/2024\/02\/IMG_0172-1-1024x1021.jpeg 1024w\" sizes=\"auto, (max-width: 2560px) 100vw, 2560px\" \/><\/figure>\n<\/div>\n<\/div>\n<\/div>\n\n\n\n<div class=\"wp-block-group alignfull has-global-padding is-layout-constrained wp-container-core-group-is-layout-669513ed wp-block-group-is-layout-constrained\" style=\"margin-top:0;margin-bottom:0;padding-top:var(--wp--preset--spacing--50);padding-right:var(--wp--preset--spacing--50);padding-bottom:var(--wp--preset--spacing--50);padding-left:var(--wp--preset--spacing--50)\">\n<h2 class=\"wp-block-heading has-text-align-center has-xx-large-font-size\">Le Bureau<\/h2>\n\n\n\n<div class=\"wp-block-group is-vertical is-content-justification-center is-layout-flex wp-container-core-group-is-layout-ce155fab wp-block-group-is-layout-flex\">\n<p class=\"has-text-align-center\">L&rsquo;organisation du club de soka tira Zuraidarrak, pour toutes informations veuillez nous contacter au mail :<\/p>\n\n\n\n<p><a href=\"mailto:zuraide.sokatira@hotmail.com\">zuraide.sokatira@hotmail.com<\/a><\/p>\n<\/div>\n\n\n\n<div style=\"height:var(--wp--preset--spacing--30)\" aria-hidden=\"true\" class=\"wp-block-spacer\"><\/div>\n\n\n\n<div class=\"wp-block-columns alignwide is-layout-flex wp-container-core-columns-is-layout-4935966c wp-block-columns-is-layout-flex\" style=\"padding-right:0;padding-left:0\">\n<div class=\"wp-block-column is-layout-flow wp-block-column-is-layout-flow\">\n<div class=\"wp-block-group is-vertical is-content-justification-center is-nowrap is-layout-flex wp-container-core-group-is-layout-21d4e958 wp-block-group-is-layout-flex\">\n<div class=\"wp-block-group has-global-padding is-layout-constrained wp-block-group-is-layout-constrained\">\n<p class=\"has-text-align-center has-small-font-size\"><strong>Carricaburu <strong>Mathieu<\/strong><\/strong> <\/p>\n<\/div>\n\n\n\n<div class=\"wp-block-group has-global-padding is-layout-constrained wp-block-group-is-layout-constrained\">\n<p class=\"has-text-align-center has-small-font-size\">Pr\u00e9sident<\/p>\n<\/div>\n<\/div>\n<\/div>\n\n\n\n<div class=\"wp-block-column is-layout-flow wp-block-column-is-layout-flow\">\n<div class=\"wp-block-group is-vertical is-content-justification-center is-nowrap is-layout-flex wp-container-core-group-is-layout-21d4e958 wp-block-group-is-layout-flex\">\n<div class=\"wp-block-group has-global-padding is-layout-constrained wp-block-group-is-layout-constrained\">\n<p class=\"has-text-align-center has-small-font-size\"> <strong>VIDAL Battit<\/strong> <\/p>\n<\/div>\n\n\n\n<div class=\"wp-block-group has-global-padding is-layout-constrained wp-block-group-is-layout-constrained\">\n<p class=\"has-text-align-center has-small-font-size\">Vice Pr\u00e9sident<\/p>\n<\/div>\n<\/div>\n<\/div>\n\n\n\n<div class=\"wp-block-column is-layout-flow wp-block-column-is-layout-flow\">\n<div class=\"wp-block-group is-vertical is-content-justification-center is-nowrap is-layout-flex wp-container-core-group-is-layout-63bfd6c1 wp-block-group-is-layout-flex\">\n<p class=\"has-text-align-center has-small-font-size\"><strong>VIDAL Inaki<\/strong><\/p>\n\n\n\n<p class=\"has-text-align-center has-small-font-size\">Tr\u00e9sorier<\/p>\n<\/div>\n<\/div>\n\n\n\n<div class=\"wp-block-column is-layout-flow wp-block-column-is-layout-flow\">\n<div class=\"wp-block-group is-vertical is-content-justification-center is-nowrap is-layout-flex wp-container-core-group-is-layout-63bfd6c1 wp-block-group-is-layout-flex\">\n<p class=\"has-text-align-center has-small-font-size\">  <strong>BARHENNE Nicolas<\/strong>  <\/p>\n\n\n\n<p class=\"has-text-align-center has-small-font-size\">Secr\u00e9taire<\/p>\n<\/div>\n<\/div>\n\n\n\n<div class=\"wp-block-column is-layout-flow wp-block-column-is-layout-flow\">\n<div class=\"wp-block-group is-vertical is-content-justification-center is-nowrap is-layout-flex wp-container-core-group-is-layout-21d4e958 wp-block-group-is-layout-flex\">\n<p class=\"has-text-align-center has-small-font-size\"> <strong>LAFITTE Mattin<\/strong> <\/p>\n\n\n\n<p class=\"has-text-align-center has-small-font-size\">Entraineur<\/p>\n<\/div>\n<\/div>\n<\/div>\n<\/div>\n\n\n","protected":false},"excerpt":{"rendered":"<p>Nous r\u00e9alisons des spectacles dans diff\u00e9rentes villes notamment \u00e0 St Jean De Luz, \u00e0 Sare etc&#8230; Faire d\u00e9couvrir notre discipline \u00e0 des personnes ne la connaissant pas sp\u00e9cialement. Le Bureau L&rsquo;organisation du club de soka tira Zuraidarrak, pour toutes informations veuillez nous contacter au mail : zuraide.sokatira@hotmail.com Carricaburu Mathieu Pr\u00e9sident VIDAL Battit Vice Pr\u00e9sident VIDAL [&hellip;]<\/p>\n","protected":false},"author":1,"featured_media":0,"parent":0,"menu_order":0,"comment_status":"closed","ping_status":"closed","template":"","meta":{"footnotes":""},"class_list":["post-94","page","type-page","status-publish","hentry"],"post_mailing_queue_ids":[],"_links":{"self":[{"href":"https:\/\/zuraidarrak.fr\/index.php\/wp-json\/wp\/v2\/pages\/94","targetHints":{"allow":["GET"]}}],"collection":[{"href":"https:\/\/zuraidarrak.fr\/index.php\/wp-json\/wp\/v2\/pages"}],"about":[{"href":"https:\/\/zuraidarrak.fr\/index.php\/wp-json\/wp\/v2\/types\/page"}],"author":[{"embeddable":true,"href":"https:\/\/zuraidarrak.fr\/index.php\/wp-json\/wp\/v2\/users\/1"}],"replies":[{"embeddable":true,"href":"https:\/\/zuraidarrak.fr\/index.php\/wp-json\/wp\/v2\/comments?post=94"}],"version-history":[{"count":21,"href":"https:\/\/zuraidarrak.fr\/index.php\/wp-json\/wp\/v2\/pages\/94\/revisions"}],"predecessor-version":[{"id":159,"href":"https:\/\/zuraidarrak.fr\/index.php\/wp-json\/wp\/v2\/pages\/94\/revisions\/159"}],"wp:attachment":[{"href":"https:\/\/zuraidarrak.fr\/index.php\/wp-json\/wp\/v2\/media?parent=94"}],"curies":[{"name":"wp","href":"https:\/\/api.w.org\/{rel}","templated":true}]}}